{"id":21629,"date":"2025-12-03T15:14:45","date_gmt":"2025-12-03T20:14:45","guid":{"rendered":"https:\/\/cygnusstrategies.com\/?page_id=21629"},"modified":"2026-01-07T14:45:24","modified_gmt":"2026-01-07T19:45:24","slug":"security-audits-and-diagnostics","status":"publish","type":"page","link":"https:\/\/cygnusstrategies.com\/en\/security-audits-and-diagnostics\/","title":{"rendered":"Security audits and diagnostics"},"content":{"rendered":"\t\t<div data-elementor-type=\"wp-page\" data-elementor-id=\"21629\" class=\"elementor elementor-21629\" data-elementor-post-type=\"page\">\n\t\t\t\t\t\t<section class=\"elementor-section elementor-top-section elementor-element elementor-element-fb23967 elementor-section-content-top elementor-section-stretched elementor-section-boxed elementor-section-height-default elementor-section-height-default\" data-id=\"fb23967\" data-element_type=\"section\" data-settings=\"{&quot;background_background&quot;:&quot;classic&quot;,&quot;stretch_section&quot;:&quot;section-stretched&quot;}\">\n\t\t\t\t\t\t<div class=\"elementor-container elementor-column-gap-default\">\n\t\t\t\t\t<div class=\"elementor-column elementor-col-50 elementor-top-column elementor-element elementor-element-e345cde\" data-id=\"e345cde\" data-element_type=\"column\">\n\t\t\t<div class=\"elementor-widget-wrap elementor-element-populated\">\n\t\t\t\t\t\t<div class=\"elementor-element elementor-element-833bfa2 elementor-widget__width-initial elementor-widget elementor-widget-text-editor\" data-id=\"833bfa2\" data-element_type=\"widget\" data-widget_type=\"text-editor.default\">\n\t\t\t\t<div class=\"elementor-widget-container\">\n\t\t\t\t\t\t\t\t\t<h6>An external, expert perspective is essential for measuring the true effectiveness of your security and resilience measures. Our audits don&#8217;t just tick boxes; they provide an in-depth diagnosis and strategic recommendations.<\/h6><h5>The scope of our audit:<\/h5><h6>We carry out comprehensive and targeted security diagnostics:<\/h6><ul><li>Compliance audit: verification that your plans and procedures are aligned with the desired standards or guidelines.<\/li><li>Vulnerability assessment: analysis of your operational, physical, and organizational weaknesses that could be exploited.<\/li><li>Program evaluation (ERP\/BCP\/SMS): We test the feasibility and relevance of your emergency and continuity plans in the field.<\/li><li>Gap analysis: Identification of differences between your current situation and industry best practices.<\/li><\/ul><h5>The benefits of Cygnus diagnostics:<\/h5><ul><li>Prioritization of actions: a concrete, prioritized action plan to address the highest risks.<\/li><li>Resource optimization: Invest in security where it is most critical.<\/li><li>Proof of diligence: Demonstrate to insurers and authorities your commitment to rigorous risk management.<\/li><\/ul>\t\t\t\t\t\t\t\t<\/div>\n\t\t\t\t<\/div>\n\t\t\t\t<div class=\"elementor-element elementor-element-0cc71ef elementor-invisible elementor-widget elementor-widget-radiant-custom-button\" data-id=\"0cc71ef\" data-element_type=\"widget\" data-settings=\"{&quot;_animation&quot;:&quot;fadeIn&quot;}\" data-widget_type=\"radiant-custom-button.default\">\n\t\t\t\t<div class=\"elementor-widget-container\">\n\t\t\t\t\t<div class=\"radiantthemes-custom-button element-one hover-style-five  \" data-button-direction=\"left\" data-button-fullwidth=\"false\" ><a class=\"radiantthemes-custom-button-main\" href=\"https:\/\/cygnusstrategies.com\/en\/contact-us\/\"  ><div class=\"placeholder\">Contact Us<\/div><\/a><\/div>\t\t\t\t<\/div>\n\t\t\t\t<\/div>\n\t\t\t\t\t<\/div>\n\t\t<\/div>\n\t\t\t\t<div class=\"elementor-column elementor-col-50 elementor-top-column elementor-element elementor-element-608458b\" data-id=\"608458b\" data-element_type=\"column\">\n\t\t\t<div class=\"elementor-widget-wrap elementor-element-populated\">\n\t\t\t\t\t\t<div class=\"elementor-element elementor-element-a96f3a8 move-image-left-right elementor-widget elementor-widget-image\" data-id=\"a96f3a8\" data-element_type=\"widget\" data-widget_type=\"image.default\">\n\t\t\t\t<div class=\"elementor-widget-container\">\n\t\t\t\t\t\t\t\t\t\t\t\t\t\t\t<img fetchpriority=\"high\" decoding=\"async\" width=\"1707\" height=\"2560\" src=\"https:\/\/cygnusstrategies.com\/wp-content\/uploads\/2023\/09\/iStock-1472231616-3-scaled.jpg\" class=\"attachment-full size-full wp-image-19879\" alt=\"Deux conseillers, un homme et une femme travaillant dans un bureau sur un audit de s\u00e9curit\u00e9.\" srcset=\"https:\/\/cygnusstrategies.com\/wp-content\/uploads\/2023\/09\/iStock-1472231616-3-scaled.jpg 1707w, https:\/\/cygnusstrategies.com\/wp-content\/uploads\/2023\/09\/iStock-1472231616-3-200x300.jpg 200w, https:\/\/cygnusstrategies.com\/wp-content\/uploads\/2023\/09\/iStock-1472231616-3-683x1024.jpg 683w, https:\/\/cygnusstrategies.com\/wp-content\/uploads\/2023\/09\/iStock-1472231616-3-768x1152.jpg 768w, https:\/\/cygnusstrategies.com\/wp-content\/uploads\/2023\/09\/iStock-1472231616-3-1024x1536.jpg 1024w, https:\/\/cygnusstrategies.com\/wp-content\/uploads\/2023\/09\/iStock-1472231616-3-1365x2048.jpg 1365w\" sizes=\"(max-width: 1707px) 100vw, 1707px\" \/>\t\t\t\t\t\t\t\t\t\t\t\t\t\t\t<\/div>\n\t\t\t\t<\/div>\n\t\t\t\t<div class=\"elementor-element elementor-element-9bc6119 elementor-widget elementor-widget-image\" data-id=\"9bc6119\" data-element_type=\"widget\" data-widget_type=\"image.default\">\n\t\t\t\t<div class=\"elementor-widget-container\">\n\t\t\t\t\t\t\t\t\t\t\t\t\t\t\t<img decoding=\"async\" width=\"1800\" height=\"877\" src=\"https:\/\/cygnusstrategies.com\/wp-content\/uploads\/2023\/09\/iStock-957660572-1.jpg\" class=\"elementor-animation-float attachment-full size-full wp-image-20021\" alt=\"S\u00e9curit\u00e9 physique des personnes, des immeubles et des biens. Personne montant un escalier d&#039;une immeuble \u00e0 bureau.\" srcset=\"https:\/\/cygnusstrategies.com\/wp-content\/uploads\/2023\/09\/iStock-957660572-1.jpg 1800w, https:\/\/cygnusstrategies.com\/wp-content\/uploads\/2023\/09\/iStock-957660572-1-300x146.jpg 300w, https:\/\/cygnusstrategies.com\/wp-content\/uploads\/2023\/09\/iStock-957660572-1-1024x499.jpg 1024w, https:\/\/cygnusstrategies.com\/wp-content\/uploads\/2023\/09\/iStock-957660572-1-768x374.jpg 768w, https:\/\/cygnusstrategies.com\/wp-content\/uploads\/2023\/09\/iStock-957660572-1-1536x748.jpg 1536w\" sizes=\"(max-width: 1800px) 100vw, 1800px\" \/>\t\t\t\t\t\t\t\t\t\t\t\t\t\t\t<\/div>\n\t\t\t\t<\/div>\n\t\t\t\t\t<\/div>\n\t\t<\/div>\n\t\t\t\t\t<\/div>\n\t\t<\/section>\n\t\t\t\t<\/div>\n\t\t","protected":false},"excerpt":{"rendered":"<p>An external, expert perspective is essential for measuring the true effectiveness of your security and resilience measures. Our audits don&#8217;t just tick boxes; they provide an in-depth diagnosis and strategic recommendations. The scope of our audit: We carry out comprehensive and targeted security diagnostics: Compliance audit: verification that your plans and procedures are aligned with [&hellip;]<\/p>\n","protected":false},"author":4,"featured_media":19873,"parent":0,"menu_order":0,"comment_status":"closed","ping_status":"closed","template":"","meta":{"_acf_changed":false,"footnotes":""},"class_list":["post-21629","page","type-page","status-publish","has-post-thumbnail","hentry"],"acf":[],"yoast_head":"<!-- This site is optimized with the Yoast SEO plugin v26.8 - https:\/\/yoast.com\/product\/yoast-seo-wordpress\/ -->\n<title>Security audits and diagnostics - Cygnus Strat\u00e9gies<\/title>\n<meta name=\"description\" content=\"Get a clear picture of your strengths and weaknesses. Our security audits and diagnostics assess your security posture and identify your critical vulnerabilities.\" \/>\n<meta name=\"robots\" content=\"index, follow, max-snippet:-1, max-image-preview:large, max-video-preview:-1\" \/>\n<link rel=\"canonical\" href=\"https:\/\/cygnusstrategies.com\/en\/security-audits-and-diagnostics\/\" \/>\n<meta property=\"og:locale\" content=\"en_US\" \/>\n<meta property=\"og:type\" content=\"article\" \/>\n<meta property=\"og:title\" content=\"Security audits and diagnostics - Cygnus Strat\u00e9gies\" \/>\n<meta property=\"og:description\" content=\"Get a clear picture of your strengths and weaknesses. Our security audits and diagnostics assess your security posture and identify your critical vulnerabilities.\" \/>\n<meta property=\"og:url\" content=\"https:\/\/cygnusstrategies.com\/en\/security-audits-and-diagnostics\/\" \/>\n<meta property=\"og:site_name\" content=\"Cygnus Strategies\" \/>\n<meta property=\"article:modified_time\" content=\"2026-01-07T19:45:24+00:00\" \/>\n<meta property=\"og:image\" content=\"https:\/\/cygnusstrategies.com\/wp-content\/uploads\/2023\/09\/iStock-1395702662-3-e1695326685655.jpg\" \/>\n\t<meta property=\"og:image:width\" content=\"1600\" \/>\n\t<meta property=\"og:image:height\" content=\"556\" \/>\n\t<meta property=\"og:image:type\" content=\"image\/jpeg\" \/>\n<meta name=\"twitter:card\" content=\"summary_large_image\" \/>\n<meta name=\"twitter:label1\" content=\"Est. reading time\" \/>\n\t<meta name=\"twitter:data1\" content=\"2 minutes\" \/>\n<script type=\"application\/ld+json\" class=\"yoast-schema-graph\">{\"@context\":\"https:\/\/schema.org\",\"@graph\":[{\"@type\":\"WebPage\",\"@id\":\"https:\/\/cygnusstrategies.com\/en\/security-audits-and-diagnostics\/\",\"url\":\"https:\/\/cygnusstrategies.com\/en\/security-audits-and-diagnostics\/\",\"name\":\"Security audits and diagnostics - Cygnus Strat\u00e9gies\",\"isPartOf\":{\"@id\":\"https:\/\/cygnusstrategies.com\/#website\"},\"primaryImageOfPage\":{\"@id\":\"https:\/\/cygnusstrategies.com\/en\/security-audits-and-diagnostics\/#primaryimage\"},\"image\":{\"@id\":\"https:\/\/cygnusstrategies.com\/en\/security-audits-and-diagnostics\/#primaryimage\"},\"thumbnailUrl\":\"https:\/\/cygnusstrategies.com\/wp-content\/uploads\/2023\/09\/iStock-1395702662-3-e1695326685655.jpg\",\"datePublished\":\"2025-12-03T20:14:45+00:00\",\"dateModified\":\"2026-01-07T19:45:24+00:00\",\"description\":\"Get a clear picture of your strengths and weaknesses. Our security audits and diagnostics assess your security posture and identify your critical vulnerabilities.\",\"breadcrumb\":{\"@id\":\"https:\/\/cygnusstrategies.com\/en\/security-audits-and-diagnostics\/#breadcrumb\"},\"inLanguage\":\"en-CA\",\"potentialAction\":[{\"@type\":\"ReadAction\",\"target\":[\"https:\/\/cygnusstrategies.com\/en\/security-audits-and-diagnostics\/\"]}]},{\"@type\":\"ImageObject\",\"inLanguage\":\"en-CA\",\"@id\":\"https:\/\/cygnusstrategies.com\/en\/security-audits-and-diagnostics\/#primaryimage\",\"url\":\"https:\/\/cygnusstrategies.com\/wp-content\/uploads\/2023\/09\/iStock-1395702662-3-e1695326685655.jpg\",\"contentUrl\":\"https:\/\/cygnusstrategies.com\/wp-content\/uploads\/2023\/09\/iStock-1395702662-3-e1695326685655.jpg\",\"width\":1600,\"height\":556,\"caption\":\"Business person working on laptop. Panoramic business banner with copy space\"},{\"@type\":\"BreadcrumbList\",\"@id\":\"https:\/\/cygnusstrategies.com\/en\/security-audits-and-diagnostics\/#breadcrumb\",\"itemListElement\":[{\"@type\":\"ListItem\",\"position\":1,\"name\":\"Accueil\",\"item\":\"https:\/\/cygnusstrategies.com\/\"},{\"@type\":\"ListItem\",\"position\":2,\"name\":\"Security audits and diagnostics\"}]},{\"@type\":\"WebSite\",\"@id\":\"https:\/\/cygnusstrategies.com\/#website\",\"url\":\"https:\/\/cygnusstrategies.com\/\",\"name\":\"Cygnus Strategies\",\"description\":\"\",\"potentialAction\":[{\"@type\":\"SearchAction\",\"target\":{\"@type\":\"EntryPoint\",\"urlTemplate\":\"https:\/\/cygnusstrategies.com\/?s={search_term_string}\"},\"query-input\":{\"@type\":\"PropertyValueSpecification\",\"valueRequired\":true,\"valueName\":\"search_term_string\"}}],\"inLanguage\":\"en-CA\"}]}<\/script>\n<!-- \/ Yoast SEO plugin. -->","yoast_head_json":{"title":"Security audits and diagnostics - Cygnus Strat\u00e9gies","description":"Get a clear picture of your strengths and weaknesses. Our security audits and diagnostics assess your security posture and identify your critical vulnerabilities.","robots":{"index":"index","follow":"follow","max-snippet":"max-snippet:-1","max-image-preview":"max-image-preview:large","max-video-preview":"max-video-preview:-1"},"canonical":"https:\/\/cygnusstrategies.com\/en\/security-audits-and-diagnostics\/","og_locale":"en_US","og_type":"article","og_title":"Security audits and diagnostics - Cygnus Strat\u00e9gies","og_description":"Get a clear picture of your strengths and weaknesses. Our security audits and diagnostics assess your security posture and identify your critical vulnerabilities.","og_url":"https:\/\/cygnusstrategies.com\/en\/security-audits-and-diagnostics\/","og_site_name":"Cygnus Strategies","article_modified_time":"2026-01-07T19:45:24+00:00","og_image":[{"width":1600,"height":556,"url":"https:\/\/cygnusstrategies.com\/wp-content\/uploads\/2023\/09\/iStock-1395702662-3-e1695326685655.jpg","type":"image\/jpeg"}],"twitter_card":"summary_large_image","twitter_misc":{"Est. reading time":"2 minutes"},"schema":{"@context":"https:\/\/schema.org","@graph":[{"@type":"WebPage","@id":"https:\/\/cygnusstrategies.com\/en\/security-audits-and-diagnostics\/","url":"https:\/\/cygnusstrategies.com\/en\/security-audits-and-diagnostics\/","name":"Security audits and diagnostics - Cygnus Strat\u00e9gies","isPartOf":{"@id":"https:\/\/cygnusstrategies.com\/#website"},"primaryImageOfPage":{"@id":"https:\/\/cygnusstrategies.com\/en\/security-audits-and-diagnostics\/#primaryimage"},"image":{"@id":"https:\/\/cygnusstrategies.com\/en\/security-audits-and-diagnostics\/#primaryimage"},"thumbnailUrl":"https:\/\/cygnusstrategies.com\/wp-content\/uploads\/2023\/09\/iStock-1395702662-3-e1695326685655.jpg","datePublished":"2025-12-03T20:14:45+00:00","dateModified":"2026-01-07T19:45:24+00:00","description":"Get a clear picture of your strengths and weaknesses. Our security audits and diagnostics assess your security posture and identify your critical vulnerabilities.","breadcrumb":{"@id":"https:\/\/cygnusstrategies.com\/en\/security-audits-and-diagnostics\/#breadcrumb"},"inLanguage":"en-CA","potentialAction":[{"@type":"ReadAction","target":["https:\/\/cygnusstrategies.com\/en\/security-audits-and-diagnostics\/"]}]},{"@type":"ImageObject","inLanguage":"en-CA","@id":"https:\/\/cygnusstrategies.com\/en\/security-audits-and-diagnostics\/#primaryimage","url":"https:\/\/cygnusstrategies.com\/wp-content\/uploads\/2023\/09\/iStock-1395702662-3-e1695326685655.jpg","contentUrl":"https:\/\/cygnusstrategies.com\/wp-content\/uploads\/2023\/09\/iStock-1395702662-3-e1695326685655.jpg","width":1600,"height":556,"caption":"Business person working on laptop. Panoramic business banner with copy space"},{"@type":"BreadcrumbList","@id":"https:\/\/cygnusstrategies.com\/en\/security-audits-and-diagnostics\/#breadcrumb","itemListElement":[{"@type":"ListItem","position":1,"name":"Accueil","item":"https:\/\/cygnusstrategies.com\/"},{"@type":"ListItem","position":2,"name":"Security audits and diagnostics"}]},{"@type":"WebSite","@id":"https:\/\/cygnusstrategies.com\/#website","url":"https:\/\/cygnusstrategies.com\/","name":"Cygnus Strategies","description":"","potentialAction":[{"@type":"SearchAction","target":{"@type":"EntryPoint","urlTemplate":"https:\/\/cygnusstrategies.com\/?s={search_term_string}"},"query-input":{"@type":"PropertyValueSpecification","valueRequired":true,"valueName":"search_term_string"}}],"inLanguage":"en-CA"}]}},"_links":{"self":[{"href":"https:\/\/cygnusstrategies.com\/en\/wp-json\/wp\/v2\/pages\/21629","targetHints":{"allow":["GET"]}}],"collection":[{"href":"https:\/\/cygnusstrategies.com\/en\/wp-json\/wp\/v2\/pages"}],"about":[{"href":"https:\/\/cygnusstrategies.com\/en\/wp-json\/wp\/v2\/types\/page"}],"author":[{"embeddable":true,"href":"https:\/\/cygnusstrategies.com\/en\/wp-json\/wp\/v2\/users\/4"}],"replies":[{"embeddable":true,"href":"https:\/\/cygnusstrategies.com\/en\/wp-json\/wp\/v2\/comments?post=21629"}],"version-history":[{"count":6,"href":"https:\/\/cygnusstrategies.com\/en\/wp-json\/wp\/v2\/pages\/21629\/revisions"}],"predecessor-version":[{"id":21814,"href":"https:\/\/cygnusstrategies.com\/en\/wp-json\/wp\/v2\/pages\/21629\/revisions\/21814"}],"wp:featuredmedia":[{"embeddable":true,"href":"https:\/\/cygnusstrategies.com\/en\/wp-json\/wp\/v2\/media\/19873"}],"wp:attachment":[{"href":"https:\/\/cygnusstrategies.com\/en\/wp-json\/wp\/v2\/media?parent=21629"}],"curies":[{"name":"wp","href":"https:\/\/api.w.org\/{rel}","templated":true}]}}