{"id":20540,"date":"2023-08-07T07:36:56","date_gmt":"2023-08-07T11:36:56","guid":{"rendered":"https:\/\/cygnusstrategies.com\/gestion-de-la-securite\/"},"modified":"2026-01-07T14:41:14","modified_gmt":"2026-01-07T19:41:14","slug":"security-management","status":"publish","type":"page","link":"https:\/\/cygnusstrategies.com\/en\/security-management\/","title":{"rendered":"Security management"},"content":{"rendered":"\t\t<div data-elementor-type=\"wp-page\" data-elementor-id=\"20540\" class=\"elementor elementor-20540 elementor-18604\" data-elementor-post-type=\"page\">\n\t\t\t\t\t\t<section class=\"elementor-section elementor-top-section elementor-element elementor-element-fb23967 elementor-section-content-top elementor-section-stretched elementor-section-boxed elementor-section-height-default elementor-section-height-default\" data-id=\"fb23967\" data-element_type=\"section\" data-settings=\"{&quot;background_background&quot;:&quot;classic&quot;,&quot;stretch_section&quot;:&quot;section-stretched&quot;}\">\n\t\t\t\t\t\t<div class=\"elementor-container elementor-column-gap-default\">\n\t\t\t\t\t<div class=\"elementor-column elementor-col-50 elementor-top-column elementor-element elementor-element-e345cde\" data-id=\"e345cde\" data-element_type=\"column\">\n\t\t\t<div class=\"elementor-widget-wrap elementor-element-populated\">\n\t\t\t\t\t\t<div class=\"elementor-element elementor-element-833bfa2 elementor-widget__width-initial elementor-widget elementor-widget-text-editor\" data-id=\"833bfa2\" data-element_type=\"widget\" data-widget_type=\"text-editor.default\">\n\t\t\t\t<div class=\"elementor-widget-container\">\n\t\t\t\t\t\t\t\t\t<h5><strong>The safety management system (SMS) or safety management program (SMP) is a structured approach to managing safety proactively and systematically. It is an essential regulatory framework for companies wishing to excel in accident prevention and risk management (health, safety, environment).<\/strong><\/h5><p>\u00a0<\/p><h5>The pillars of your SGS:<\/h5><p>Our approach aligns with best practices to integrate security at all levels of your organization:<\/p><ul><li><strong>Security policy and objectives:<\/strong> define management commitment and clear objectives.<\/li><li><strong>Risk management:<\/strong> continuous process of hazard identification and risk assessment.<\/li><li><strong>Security assurance:<\/strong> implementation of tools and processes to maintain the desired level of security.<\/li><li><strong>Safety promotion:<\/strong> developing a strong safety culture through training and staff awareness.<\/li><\/ul><h5>Benefits of a well-established SGS\/PGS:<\/h5><ul><li><strong>Compliance:<\/strong> meeting regulatory requirements.<\/li><li><strong>Performance:<\/strong> continuously improving safety performance and reducing incidents.<\/li><li><strong>Culture:<\/strong> creating a work environment where safety is everyone&#8217;s priority.<\/li><\/ul>\t\t\t\t\t\t\t\t<\/div>\n\t\t\t\t<\/div>\n\t\t\t\t<div class=\"elementor-element elementor-element-0cc71ef elementor-invisible elementor-widget elementor-widget-radiant-custom-button\" data-id=\"0cc71ef\" data-element_type=\"widget\" data-settings=\"{&quot;_animation&quot;:&quot;fadeIn&quot;}\" data-widget_type=\"radiant-custom-button.default\">\n\t\t\t\t<div class=\"elementor-widget-container\">\n\t\t\t\t\t<div class=\"radiantthemes-custom-button element-one hover-style-five  \" data-button-direction=\"left\" data-button-fullwidth=\"false\" ><a class=\"radiantthemes-custom-button-main\" href=\"https:\/\/cygnusstrategies.com\/en\/contact-us\/\"  ><div class=\"placeholder\">Contact Us<\/div><\/a><\/div>\t\t\t\t<\/div>\n\t\t\t\t<\/div>\n\t\t\t\t\t<\/div>\n\t\t<\/div>\n\t\t\t\t<div class=\"elementor-column elementor-col-50 elementor-top-column elementor-element elementor-element-608458b\" data-id=\"608458b\" data-element_type=\"column\">\n\t\t\t<div class=\"elementor-widget-wrap elementor-element-populated\">\n\t\t\t\t\t\t<div class=\"elementor-element elementor-element-a96f3a8 move-image-left-right elementor-widget elementor-widget-image\" data-id=\"a96f3a8\" data-element_type=\"widget\" data-widget_type=\"image.default\">\n\t\t\t\t<div class=\"elementor-widget-container\">\n\t\t\t\t\t\t\t\t\t\t\t\t\t\t\t<img fetchpriority=\"high\" decoding=\"async\" width=\"1707\" height=\"2560\" src=\"https:\/\/cygnusstrategies.com\/wp-content\/uploads\/2023\/09\/iStock-1472231616-3-scaled.jpg\" class=\"attachment-full size-full wp-image-19879\" alt=\"Deux conseillers, un homme et une femme travaillant dans un bureau sur un audit de s\u00e9curit\u00e9.\" srcset=\"https:\/\/cygnusstrategies.com\/wp-content\/uploads\/2023\/09\/iStock-1472231616-3-scaled.jpg 1707w, https:\/\/cygnusstrategies.com\/wp-content\/uploads\/2023\/09\/iStock-1472231616-3-200x300.jpg 200w, https:\/\/cygnusstrategies.com\/wp-content\/uploads\/2023\/09\/iStock-1472231616-3-683x1024.jpg 683w, https:\/\/cygnusstrategies.com\/wp-content\/uploads\/2023\/09\/iStock-1472231616-3-768x1152.jpg 768w, https:\/\/cygnusstrategies.com\/wp-content\/uploads\/2023\/09\/iStock-1472231616-3-1024x1536.jpg 1024w, https:\/\/cygnusstrategies.com\/wp-content\/uploads\/2023\/09\/iStock-1472231616-3-1365x2048.jpg 1365w\" sizes=\"(max-width: 1707px) 100vw, 1707px\" \/>\t\t\t\t\t\t\t\t\t\t\t\t\t\t\t<\/div>\n\t\t\t\t<\/div>\n\t\t\t\t<div class=\"elementor-element elementor-element-9bc6119 elementor-widget elementor-widget-image\" data-id=\"9bc6119\" data-element_type=\"widget\" data-widget_type=\"image.default\">\n\t\t\t\t<div class=\"elementor-widget-container\">\n\t\t\t\t\t\t\t\t\t\t\t\t\t\t\t<img decoding=\"async\" width=\"1800\" height=\"877\" src=\"https:\/\/cygnusstrategies.com\/wp-content\/uploads\/2023\/09\/iStock-957660572-1.jpg\" class=\"elementor-animation-float attachment-full size-full wp-image-20021\" alt=\"S\u00e9curit\u00e9 physique des personnes, des immeubles et des biens. Personne montant un escalier d&#039;une immeuble \u00e0 bureau.\" srcset=\"https:\/\/cygnusstrategies.com\/wp-content\/uploads\/2023\/09\/iStock-957660572-1.jpg 1800w, https:\/\/cygnusstrategies.com\/wp-content\/uploads\/2023\/09\/iStock-957660572-1-300x146.jpg 300w, https:\/\/cygnusstrategies.com\/wp-content\/uploads\/2023\/09\/iStock-957660572-1-1024x499.jpg 1024w, https:\/\/cygnusstrategies.com\/wp-content\/uploads\/2023\/09\/iStock-957660572-1-768x374.jpg 768w, https:\/\/cygnusstrategies.com\/wp-content\/uploads\/2023\/09\/iStock-957660572-1-1536x748.jpg 1536w\" sizes=\"(max-width: 1800px) 100vw, 1800px\" \/>\t\t\t\t\t\t\t\t\t\t\t\t\t\t\t<\/div>\n\t\t\t\t<\/div>\n\t\t\t\t\t<\/div>\n\t\t<\/div>\n\t\t\t\t\t<\/div>\n\t\t<\/section>\n\t\t\t\t<\/div>\n\t\t","protected":false},"excerpt":{"rendered":"<p>The safety management system (SMS) or safety management program (SMP) is a structured approach to managing safety proactively and systematically. It is an essential regulatory framework for companies wishing to excel in accident prevention and risk management (health, safety, environment). The pillars of your SGS: Our approach aligns with best practices to integrate security at [&hellip;]<\/p>\n","protected":false},"author":1,"featured_media":19873,"parent":0,"menu_order":0,"comment_status":"closed","ping_status":"closed","template":"","meta":{"_acf_changed":false,"footnotes":""},"class_list":["post-20540","page","type-page","status-publish","has-post-thumbnail","hentry"],"acf":[],"yoast_head":"<!-- This site is optimized with the Yoast SEO plugin v26.8 - https:\/\/yoast.com\/product\/yoast-seo-wordpress\/ -->\n<title>Security management - Cygnus Strat\u00e9gies<\/title>\n<meta name=\"description\" content=\"At Cygnus Strategies, we&#039;re experts in security management for strategic solutions. Contact us for customized solutions.\" \/>\n<meta name=\"robots\" content=\"index, follow, max-snippet:-1, max-image-preview:large, max-video-preview:-1\" \/>\n<link rel=\"canonical\" href=\"https:\/\/cygnusstrategies.com\/en\/security-management\/\" \/>\n<meta property=\"og:locale\" content=\"en_US\" \/>\n<meta property=\"og:type\" content=\"article\" \/>\n<meta property=\"og:title\" content=\"Security management - Cygnus Strat\u00e9gies\" \/>\n<meta property=\"og:description\" content=\"At Cygnus Strategies, we&#039;re experts in security management for strategic solutions. Contact us for customized solutions.\" \/>\n<meta property=\"og:url\" content=\"https:\/\/cygnusstrategies.com\/en\/security-management\/\" \/>\n<meta property=\"og:site_name\" content=\"Cygnus Strategies\" \/>\n<meta property=\"article:modified_time\" content=\"2026-01-07T19:41:14+00:00\" \/>\n<meta property=\"og:image\" content=\"https:\/\/cygnusstrategies.com\/wp-content\/uploads\/2023\/09\/iStock-1395702662-3-e1695326685655.jpg\" \/>\n\t<meta property=\"og:image:width\" content=\"1600\" \/>\n\t<meta property=\"og:image:height\" content=\"556\" \/>\n\t<meta property=\"og:image:type\" content=\"image\/jpeg\" \/>\n<meta name=\"twitter:card\" content=\"summary_large_image\" \/>\n<meta name=\"twitter:label1\" content=\"Est. reading time\" \/>\n\t<meta name=\"twitter:data1\" content=\"2 minutes\" \/>\n<script type=\"application\/ld+json\" class=\"yoast-schema-graph\">{\"@context\":\"https:\/\/schema.org\",\"@graph\":[{\"@type\":\"WebPage\",\"@id\":\"https:\/\/cygnusstrategies.com\/en\/security-management\/\",\"url\":\"https:\/\/cygnusstrategies.com\/en\/security-management\/\",\"name\":\"Security management - Cygnus Strat\u00e9gies\",\"isPartOf\":{\"@id\":\"https:\/\/cygnusstrategies.com\/#website\"},\"primaryImageOfPage\":{\"@id\":\"https:\/\/cygnusstrategies.com\/en\/security-management\/#primaryimage\"},\"image\":{\"@id\":\"https:\/\/cygnusstrategies.com\/en\/security-management\/#primaryimage\"},\"thumbnailUrl\":\"https:\/\/cygnusstrategies.com\/wp-content\/uploads\/2023\/09\/iStock-1395702662-3-e1695326685655.jpg\",\"datePublished\":\"2023-08-07T11:36:56+00:00\",\"dateModified\":\"2026-01-07T19:41:14+00:00\",\"description\":\"At Cygnus Strategies, we're experts in security management for strategic solutions. Contact us for customized solutions.\",\"breadcrumb\":{\"@id\":\"https:\/\/cygnusstrategies.com\/en\/security-management\/#breadcrumb\"},\"inLanguage\":\"en-CA\",\"potentialAction\":[{\"@type\":\"ReadAction\",\"target\":[\"https:\/\/cygnusstrategies.com\/en\/security-management\/\"]}]},{\"@type\":\"ImageObject\",\"inLanguage\":\"en-CA\",\"@id\":\"https:\/\/cygnusstrategies.com\/en\/security-management\/#primaryimage\",\"url\":\"https:\/\/cygnusstrategies.com\/wp-content\/uploads\/2023\/09\/iStock-1395702662-3-e1695326685655.jpg\",\"contentUrl\":\"https:\/\/cygnusstrategies.com\/wp-content\/uploads\/2023\/09\/iStock-1395702662-3-e1695326685655.jpg\",\"width\":1600,\"height\":556,\"caption\":\"Business person working on laptop. Panoramic business banner with copy space\"},{\"@type\":\"BreadcrumbList\",\"@id\":\"https:\/\/cygnusstrategies.com\/en\/security-management\/#breadcrumb\",\"itemListElement\":[{\"@type\":\"ListItem\",\"position\":1,\"name\":\"Accueil\",\"item\":\"https:\/\/cygnusstrategies.com\/\"},{\"@type\":\"ListItem\",\"position\":2,\"name\":\"Security management\"}]},{\"@type\":\"WebSite\",\"@id\":\"https:\/\/cygnusstrategies.com\/#website\",\"url\":\"https:\/\/cygnusstrategies.com\/\",\"name\":\"Cygnus Strategies\",\"description\":\"\",\"potentialAction\":[{\"@type\":\"SearchAction\",\"target\":{\"@type\":\"EntryPoint\",\"urlTemplate\":\"https:\/\/cygnusstrategies.com\/?s={search_term_string}\"},\"query-input\":{\"@type\":\"PropertyValueSpecification\",\"valueRequired\":true,\"valueName\":\"search_term_string\"}}],\"inLanguage\":\"en-CA\"}]}<\/script>\n<!-- \/ Yoast SEO plugin. -->","yoast_head_json":{"title":"Security management - Cygnus Strat\u00e9gies","description":"At Cygnus Strategies, we're experts in security management for strategic solutions. Contact us for customized solutions.","robots":{"index":"index","follow":"follow","max-snippet":"max-snippet:-1","max-image-preview":"max-image-preview:large","max-video-preview":"max-video-preview:-1"},"canonical":"https:\/\/cygnusstrategies.com\/en\/security-management\/","og_locale":"en_US","og_type":"article","og_title":"Security management - Cygnus Strat\u00e9gies","og_description":"At Cygnus Strategies, we're experts in security management for strategic solutions. Contact us for customized solutions.","og_url":"https:\/\/cygnusstrategies.com\/en\/security-management\/","og_site_name":"Cygnus Strategies","article_modified_time":"2026-01-07T19:41:14+00:00","og_image":[{"width":1600,"height":556,"url":"https:\/\/cygnusstrategies.com\/wp-content\/uploads\/2023\/09\/iStock-1395702662-3-e1695326685655.jpg","type":"image\/jpeg"}],"twitter_card":"summary_large_image","twitter_misc":{"Est. reading time":"2 minutes"},"schema":{"@context":"https:\/\/schema.org","@graph":[{"@type":"WebPage","@id":"https:\/\/cygnusstrategies.com\/en\/security-management\/","url":"https:\/\/cygnusstrategies.com\/en\/security-management\/","name":"Security management - Cygnus Strat\u00e9gies","isPartOf":{"@id":"https:\/\/cygnusstrategies.com\/#website"},"primaryImageOfPage":{"@id":"https:\/\/cygnusstrategies.com\/en\/security-management\/#primaryimage"},"image":{"@id":"https:\/\/cygnusstrategies.com\/en\/security-management\/#primaryimage"},"thumbnailUrl":"https:\/\/cygnusstrategies.com\/wp-content\/uploads\/2023\/09\/iStock-1395702662-3-e1695326685655.jpg","datePublished":"2023-08-07T11:36:56+00:00","dateModified":"2026-01-07T19:41:14+00:00","description":"At Cygnus Strategies, we're experts in security management for strategic solutions. Contact us for customized solutions.","breadcrumb":{"@id":"https:\/\/cygnusstrategies.com\/en\/security-management\/#breadcrumb"},"inLanguage":"en-CA","potentialAction":[{"@type":"ReadAction","target":["https:\/\/cygnusstrategies.com\/en\/security-management\/"]}]},{"@type":"ImageObject","inLanguage":"en-CA","@id":"https:\/\/cygnusstrategies.com\/en\/security-management\/#primaryimage","url":"https:\/\/cygnusstrategies.com\/wp-content\/uploads\/2023\/09\/iStock-1395702662-3-e1695326685655.jpg","contentUrl":"https:\/\/cygnusstrategies.com\/wp-content\/uploads\/2023\/09\/iStock-1395702662-3-e1695326685655.jpg","width":1600,"height":556,"caption":"Business person working on laptop. Panoramic business banner with copy space"},{"@type":"BreadcrumbList","@id":"https:\/\/cygnusstrategies.com\/en\/security-management\/#breadcrumb","itemListElement":[{"@type":"ListItem","position":1,"name":"Accueil","item":"https:\/\/cygnusstrategies.com\/"},{"@type":"ListItem","position":2,"name":"Security management"}]},{"@type":"WebSite","@id":"https:\/\/cygnusstrategies.com\/#website","url":"https:\/\/cygnusstrategies.com\/","name":"Cygnus Strategies","description":"","potentialAction":[{"@type":"SearchAction","target":{"@type":"EntryPoint","urlTemplate":"https:\/\/cygnusstrategies.com\/?s={search_term_string}"},"query-input":{"@type":"PropertyValueSpecification","valueRequired":true,"valueName":"search_term_string"}}],"inLanguage":"en-CA"}]}},"_links":{"self":[{"href":"https:\/\/cygnusstrategies.com\/en\/wp-json\/wp\/v2\/pages\/20540","targetHints":{"allow":["GET"]}}],"collection":[{"href":"https:\/\/cygnusstrategies.com\/en\/wp-json\/wp\/v2\/pages"}],"about":[{"href":"https:\/\/cygnusstrategies.com\/en\/wp-json\/wp\/v2\/types\/page"}],"author":[{"embeddable":true,"href":"https:\/\/cygnusstrategies.com\/en\/wp-json\/wp\/v2\/users\/1"}],"replies":[{"embeddable":true,"href":"https:\/\/cygnusstrategies.com\/en\/wp-json\/wp\/v2\/comments?post=20540"}],"version-history":[{"count":16,"href":"https:\/\/cygnusstrategies.com\/en\/wp-json\/wp\/v2\/pages\/20540\/revisions"}],"predecessor-version":[{"id":21812,"href":"https:\/\/cygnusstrategies.com\/en\/wp-json\/wp\/v2\/pages\/20540\/revisions\/21812"}],"wp:featuredmedia":[{"embeddable":true,"href":"https:\/\/cygnusstrategies.com\/en\/wp-json\/wp\/v2\/media\/19873"}],"wp:attachment":[{"href":"https:\/\/cygnusstrategies.com\/en\/wp-json\/wp\/v2\/media?parent=20540"}],"curies":[{"name":"wp","href":"https:\/\/api.w.org\/{rel}","templated":true}]}}